{"id":22192,"date":"2024-04-11T16:56:24","date_gmt":"2024-04-11T19:56:24","guid":{"rendered":"https:\/\/j2lrecruitment.com\/termini-e-condizioni\/"},"modified":"2024-04-11T16:56:24","modified_gmt":"2024-04-11T19:56:24","slug":"termini-e-condizioni","status":"publish","type":"page","link":"https:\/\/j2lrecruitment.com\/it\/termini-e-condizioni\/","title":{"rendered":"Termini e condizioni"},"content":{"rendered":"<p><span style=\"font-style: inherit; font-weight: inherit;\">Prima di utilizzare i nostri servizi, vi chiediamo di leggere attentamente i seguenti Termini e condizioni, che regolano l&#8217;uso di questo sito web e il rapporto tra voi e la nostra azienda. Utilizzando il sito e i nostri servizi, l&#8217;utente accetta integralmente i presenti Termini e condizioni. Se non siete d&#8217;accordo con qualsiasi aspetto dei presenti Termini e condizioni, siete pregati di non utilizzare il nostro sito web o i nostri servizi.<\/span><\/p>\n<p><b>1. Descrizione dei servizi<\/b><\/p>\n<ul>\n<li>1.1 La nostra societ\u00e0 specializzata in reclutamento e selezione offre servizi di ricerca, selezione e assunzione di professionisti qualificati per soddisfare le esigenze dei nostri clienti.<\/li>\n<li>1.2 Il nostro sito web fornisce informazioni sui nostri servizi, sulle opportunit\u00e0 di lavoro, sulle risorse per la carriera e su altre informazioni rilevanti in materia di reclutamento e selezione.<\/li>\n<\/ul>\n<p><b>2. Utilizzo del Sito<\/b><\/p>\n<ul>\n<li>2.1 Utilizzando il nostro sito web, l&#8217;utente accetta di fornire informazioni accurate, aggiornate e complete su di s\u00e9 e sulle proprie qualifiche professionali.<\/li>\n<li>2.2 L&#8217;utente \u00e8 responsabile del mantenimento della riservatezza di qualsiasi password o account fornito per accedere al nostro sito. L&#8217;utente accetta di notificare immediatamente qualsiasi uso non autorizzato del proprio account.<\/li>\n<li>2.3 Utilizzando il nostro sito, l&#8217;utente accetta di rispettare tutte le leggi e i regolamenti applicabili, nonch\u00e9 i presenti Termini e condizioni.<\/li>\n<\/ul>\n<p><b>3. Responsabilit\u00e0 dei richiedenti<\/b><\/p>\n<ul>\n<li>3.1 Candidandosi alle opportunit\u00e0 di lavoro sul nostro sito web, l&#8217;utente dichiara di possedere tutte le qualifiche richieste per le posizioni in questione e che le informazioni fornite sono vere e accurate.<\/li>\n<li>3.2 L&#8217;utente \u00e8 responsabile dell&#8217;aggiornamento delle proprie informazioni personali e professionali e della loro correttezza e aggiornamento.<\/li>\n<li>3.3 L&#8217;utente accetta di utilizzare il nostro sito web e i nostri servizi solo per scopi legittimi e non per attivit\u00e0 illegali o dannose.<\/li>\n<\/ul>\n<p><b>4. Responsabilit\u00e0 del cliente<\/b><\/p>\n<ul>\n<li>4.1 Richiedendo i nostri servizi di reclutamento e selezione, vi impegnate a fornire informazioni accurate e complete sulle esigenze e sui requisiti della posizione in questione.<\/li>\n<li>4.2 L&#8217;utente riconosce che la selezione finale dei candidati \u00e8 di sua responsabilit\u00e0 e che la nostra societ\u00e0 non garantisce l&#8217;assunzione di un candidato specifico.<\/li>\n<\/ul>\n<p><b>5. Propriet\u00e0 intellettuale<\/b><\/p>\n<ul>\n<li>5.1 Tutti i diritti di propriet\u00e0 intellettuale relativi al contenuto del Sito web, compresi testi, grafici, loghi, immagini, video e software, sono di propriet\u00e0 esclusiva della nostra societ\u00e0 o dei nostri licenziatari, se non diversamente indicato.<\/li>\n<li>5.2 Nessun contenuto del sito pu\u00f2 essere copiato, riprodotto, modificato, ripubblicato, trasmesso o distribuito senza la nostra preventiva autorizzazione scritta.<\/li>\n<\/ul>\n<p><b>6. Responsabilit\u00e0 e garanzia<\/b><\/p>\n<ul>\n<li>6.1 Le informazioni contenute in questo sito web sono rese disponibili in buona fede e ci impegniamo a garantirne l&#8217;accuratezza. Tuttavia, non forniamo alcuna garanzia, espressa o implicita, sull&#8217;accuratezza di queste informazioni.<\/li>\n<li>6.2 Non siamo responsabili di eventuali perdite o danni che possono derivare dall&#8217;uso del sito web o delle informazioni in esso contenute.<\/li>\n<li>6.3 Non saremo responsabili per perdite dirette, indirette, conseguenti, incidentali, speciali o punitive derivanti dall&#8217;uso del sito web o dei nostri servizi.<\/li>\n<\/ul>\n<p><b>7. Limitazione di responsabilit\u00e0<\/b><\/p>\n<ul>\n<li>7.1 Non garantiamo che un datore di lavoro o un cliente richieda informazioni sul candidato, che lo intervisti o lo assuma, o che un candidato sia disponibile o soddisfi i requisiti di un datore di lavoro o di un cliente.<\/li>\n<li>7.2 Non forniamo alcuna dichiarazione o garanzia in merito ai termini finali e alla durata di qualsiasi incarico ottenuto tramite il sito web.<\/li>\n<li>7.3 Non garantiamo che i datori di lavoro o i clienti mantengano riservate le informazioni o i dati ricevuti.<\/li>\n<\/ul>\n<p><b>8. Legge applicabile e giurisdizione<\/b><\/p>\n<ul>\n<li>8.1 I presenti Termini e condizioni sono disciplinati e interpretati in conformit\u00e0 alle leggi del Brasile.<\/li>\n<li>8.2 Qualsiasi controversia derivante dai presenti Termini e condizioni sar\u00e0 soggetta alla giurisdizione esclusiva dei tribunali brasiliani.<\/li>\n<\/ul>\n<p>In caso di domande o di necessit\u00e0 di ulteriori informazioni sui presenti Termini e condizioni, si prega di <a href=\"https:\/\/j2lrecruitment.com\/envie-sua-mensagem\/\">contattarci<\/a>.<\/p>\n","protected":false},"excerpt":{"rendered":"<p>Prima di utilizzare i nostri servizi, vi chiediamo di leggere attentamente i seguenti Termini e condizioni, che regolano l&#8217;uso di questo sito web e il rapporto tra voi e la nostra azienda. Utilizzando il sito e i nostri servizi, l&#8217;utente accetta integralmente i presenti Termini e condizioni. Se non siete d&#8217;accordo con qualsiasi aspetto dei [&hellip;]<\/p>\n","protected":false},"author":1,"featured_media":0,"parent":0,"menu_order":0,"comment_status":"closed","ping_status":"closed","template":"","meta":{"footnotes":""},"class_list":["post-22192","page","type-page","status-publish","hentry"],"_links":{"self":[{"href":"https:\/\/j2lrecruitment.com\/it\/wp-json\/wp\/v2\/pages\/22192","targetHints":{"allow":["GET"]}}],"collection":[{"href":"https:\/\/j2lrecruitment.com\/it\/wp-json\/wp\/v2\/pages"}],"about":[{"href":"https:\/\/j2lrecruitment.com\/it\/wp-json\/wp\/v2\/types\/page"}],"author":[{"embeddable":true,"href":"https:\/\/j2lrecruitment.com\/it\/wp-json\/wp\/v2\/users\/1"}],"replies":[{"embeddable":true,"href":"https:\/\/j2lrecruitment.com\/it\/wp-json\/wp\/v2\/comments?post=22192"}],"version-history":[{"count":0,"href":"https:\/\/j2lrecruitment.com\/it\/wp-json\/wp\/v2\/pages\/22192\/revisions"}],"wp:attachment":[{"href":"https:\/\/j2lrecruitment.com\/it\/wp-json\/wp\/v2\/media?parent=22192"}],"curies":[{"name":"wp","href":"https:\/\/api.w.org\/{rel}","templated":true}]}}