{"id":22200,"date":"2024-04-11T16:56:18","date_gmt":"2024-04-11T19:56:18","guid":{"rendered":"https:\/\/j2lrecruitment.com\/allarme-frode\/"},"modified":"2024-04-11T16:56:18","modified_gmt":"2024-04-11T19:56:18","slug":"allarme-frode","status":"publish","type":"page","link":"https:\/\/j2lrecruitment.com\/it\/allarme-frode\/","title":{"rendered":"Allarme frode"},"content":{"rendered":"<p>Gentile utente,<\/p>\n<p>Desideriamo mettervi in guardia da possibili attivit\u00e0 fraudolente che coinvolgono la societ\u00e0 <b>J2L<\/b>. Siamo consapevoli del fatto che persone malintenzionate potrebbero spacciarsi per rappresentanti o utilizzare impropriamente il nome della nostra azienda per trarre in inganno le persone e ottenere informazioni personali sensibili o commettere reati.<\/p>\n<p>Noi di <b>J2L<\/b> prendiamo molto sul serio la sicurezza dei nostri utenti e clienti ed \u00e8 estremamente importante che siate consapevoli di queste possibili truffe. Per evitare qualsiasi pregiudizio o divulgazione non autorizzata dei vostri dati, desideriamo fornirvi alcune importanti informazioni e linee guida:<\/p>\n<p><strong>Identificazione J2L:  <\/strong><\/p>\n<p>J2L \u00e8 una societ\u00e0 legittima e riconosciuta nel campo del reclutamento e della selezione specializzata. Tuttavia, \u00e8 importante prestare attenzione a qualsiasi comunicazione che appaia sospetta o che richieda informazioni personali, finanziarie o riservate senza un motivo legittimo.<\/p>\n<p><strong>Comunicazione ufficiale:  <\/strong><\/p>\n<p>Comunichiamo ufficialmente attraverso il nostro sito web e il nostro numero di telefono aziendale registrato. Verificate sempre l&#8217;autenticit\u00e0 di qualsiasi e-mail, messaggio o link che afferma di provenire da J2L, soprattutto se chiede informazioni riservate o pagamenti. Diffidate di messaggi non richiesti o che sembrano sospetti.<\/p>\n<p><strong>Informazioni personali sensibili:  <\/strong><\/p>\n<p>J2L non richieder\u00e0 mai informazioni personali sensibili come numeri di carte di credito, password di conti bancari o numeri di documenti di identificazione tramite e-mail, messaggi di testo o telefono, a meno che non abbiate iniziato a contattarci direttamente e siate consapevoli del motivo legittimo di tale richiesta.<\/p>\n<p><b>Verifica di link e allegati:  <\/b><\/p>\n<p>Fate attenzione quando cliccate su link o scaricate allegati in e-mail o messaggi sospetti. Verificate che i link siano legittimi e utilizzate sempre una soluzione di sicurezza affidabile per proteggervi da possibili minacce informatiche come il phishing o il malware.<\/p>\n<p><b>Domande e contatti:  <\/b><\/p>\n<p>In caso di dubbi su qualsiasi comunicazione che sostiene di provenire da J2L o per segnalare qualsiasi attivit\u00e0 sospetta, vi consigliamo di <a href=\"https:\/\/j2lrecruitment.com\/envie-sua-mensagem\/\">contattarci direttamente<\/a> tramite il nostro sito web ufficiale o utilizzando il nostro numero di telefono aziendale registrato <b>(11) 3078-2134<\/b>. I nostri rappresentanti saranno lieti di rispondere alle vostre domande e di fornirvi indicazioni adeguate.<\/p>\n<p>Vi ricordiamo che la sicurezza dei vostri dati personali \u00e8 per noi della massima importanza. Come azienda responsabile, lavoriamo costantemente per proteggere le vostre informazioni e garantire che i nostri processi siano allineati con le migliori pratiche di sicurezza e conformit\u00e0.<\/p>\n<p>Ti ringraziamo per l&#8217;attenzione e la collaborazione nel mantenere la sicurezza dei tuoi dati personali.<\/p>\n<p>Siamo a vostra disposizione per qualsiasi ulteriore chiarimento e continueremo a impegnarci per offrirvi un&#8217;esperienza sicura sulla nostra piattaforma.<\/p>\n<p>Cordiali saluti,<\/p>\n<p><span style=\"color: #000000;\"><strong>Team di reclutamento specializzato J2L<\/strong><\/span><\/p>\n","protected":false},"excerpt":{"rendered":"<p>Gentile utente, Desideriamo mettervi in guardia da possibili attivit\u00e0 fraudolente che coinvolgono la societ\u00e0 J2L. Siamo consapevoli del fatto che persone malintenzionate potrebbero spacciarsi per rappresentanti o utilizzare impropriamente il nome della nostra azienda per trarre in inganno le persone e ottenere informazioni personali sensibili o commettere reati. Noi di J2L prendiamo molto sul serio [&hellip;]<\/p>\n","protected":false},"author":1,"featured_media":0,"parent":0,"menu_order":0,"comment_status":"closed","ping_status":"closed","template":"","meta":{"footnotes":""},"class_list":["post-22200","page","type-page","status-publish","hentry"],"_links":{"self":[{"href":"https:\/\/j2lrecruitment.com\/it\/wp-json\/wp\/v2\/pages\/22200","targetHints":{"allow":["GET"]}}],"collection":[{"href":"https:\/\/j2lrecruitment.com\/it\/wp-json\/wp\/v2\/pages"}],"about":[{"href":"https:\/\/j2lrecruitment.com\/it\/wp-json\/wp\/v2\/types\/page"}],"author":[{"embeddable":true,"href":"https:\/\/j2lrecruitment.com\/it\/wp-json\/wp\/v2\/users\/1"}],"replies":[{"embeddable":true,"href":"https:\/\/j2lrecruitment.com\/it\/wp-json\/wp\/v2\/comments?post=22200"}],"version-history":[{"count":0,"href":"https:\/\/j2lrecruitment.com\/it\/wp-json\/wp\/v2\/pages\/22200\/revisions"}],"wp:attachment":[{"href":"https:\/\/j2lrecruitment.com\/it\/wp-json\/wp\/v2\/media?parent=22200"}],"curies":[{"name":"wp","href":"https:\/\/api.w.org\/{rel}","templated":true}]}}